{"id":219,"date":"2024-12-18T16:34:41","date_gmt":"2024-12-18T16:34:41","guid":{"rendered":"https:\/\/d-riskfx.com\/?page_id=219"},"modified":"2026-02-19T14:27:41","modified_gmt":"2026-02-19T14:27:41","slug":"about-d-risk-fx","status":"publish","type":"page","link":"https:\/\/d-riskfx.com\/en\/a-propos-d-risk-fx\/","title":{"rendered":"About"},"content":{"rendered":"<p>[et_pb_section fb_built=\u00a0\u00bb1&Prime; _builder_version=\u00a0\u00bb4.27.4&Prime; _module_preset=\u00a0\u00bbdefault\u00a0\u00bb background_image=\u00a0\u00bbhttps:\/\/d-riskfx.com\/wp-content\/uploads\/2024\/12\/Hero-Banner-scaled.webp\u00a0\u00bb custom_padding=\u00a0\u00bb40px|||||\u00a0\u00bb animation_style=\u00a0\u00bbslide\u00a0\u00bb animation_direction=\u00a0\u00bbtop\u00a0\u00bb animation_duration=\u00a0\u00bb500ms\u00a0\u00bb custom_css_after=\u00a0\u00bbcontent:\u00a0\u00bb;||position: absolute;||width: 100%;||height: 100%;||left:0;||top:0;||right:0;||bottom:0;||z-index:0;||background:RGB(255,255,255, 0.85)\u00a0\u00bb global_module=\u00a0\u00bb225&Prime; saved_tabs=\u00a0\u00bball\u00a0\u00bb locked=\u00a0\u00bboff\u00a0\u00bb global_colors_info=\u00a0\u00bb{}\u00a0\u00bb][et_pb_row _builder_version=\u00a0\u00bb4.27.4&Prime; _module_preset=\u00a0\u00bbdefault\u00a0\u00bb max_width=\u00a0\u00bb1250px\u00a0\u00bb custom_padding=\u00a0\u00bb||0px|||\u00a0\u00bb global_colors_info=\u00a0\u00bb{}\u00a0\u00bb][et_pb_column type=\u00a0\u00bb4_4&Prime; _builder_version=\u00a0\u00bb4.27.4&Prime; _module_preset=\u00a0\u00bbdefault\u00a0\u00bb global_colors_info=\u00a0\u00bb{}\u00a0\u00bb][et_pb_text _builder_version=\u00a0\u00bb4.27.4&Prime; _module_preset=\u00a0\u00bbdefault\u00a0\u00bb text_text_color=\u00a0\u00bb#FFFFFF\u00a0\u00bb header_text_color=\u00a0\u00bb#FFFFFF\u00a0\u00bb header_font_size=\u00a0\u00bb3.5em\u00a0\u00bb header_2_text_color=\u00a0\u00bb#FFFFFF\u00a0\u00bb custom_margin=\u00a0\u00bb||-1px|||\u00a0\u00bb custom_css_main_element=\u00a0\u00bbwhite-space: nowrap;\u00a0\u00bb global_colors_info=\u00a0\u00bb{}\u00a0\u00bb]<\/p>\n<p><span style=\"text-decoration: line-through; color: #000000;\">\u00a0 \u00a0 \u00a0 \u00a0 \u00a0 \u00a0 \u00a0 \u00a0 \u00a0 \u00a0 \u00a0<\/span>\u00a0 \u00a0<span style=\"color: #3f91ea;\">D-Risk FX\u00a0<\/span><\/p>\n<p>&nbsp;<\/p>\n<p>[\/et_pb_text][et_pb_heading title=\u00a0\u00bb@ET-DC@eyJkeW5hbWljIjp0cnVlLCJjb250ZW50IjoicG9zdF90aXRsZSIsInNldHRpbmdzIjp7ImJlZm9yZSI6IiIsImFmdGVyIjoiIn19@\u00a0\u00bb _builder_version=\u00a0\u00bb4.27.4&Prime; _dynamic_attributes=\u00a0\u00bbtitle\u00a0\u00bb _module_preset=\u00a0\u00bbdefault\u00a0\u00bb title_font=\u00a0\u00bb|||on|||||\u00a0\u00bb title_text_color=\u00a0\u00bb#000000&Prime; title_font_size=\u00a0\u00bb49px\u00a0\u00bb global_colors_info=\u00a0\u00bb{}\u00a0\u00bb][\/et_pb_heading][dsm_breadcrumbs home_text=\u00a0\u00bbD-Risk FX\u00a0\u00bb home_icon=\u00a0\u00bb&#xe074;||divi||400&Prime; separator_icon=\u00a0\u00bb&#x35;||divi||400&Prime; _builder_version=\u00a0\u00bb4.27.4&Prime; _module_preset=\u00a0\u00bbdefault\u00a0\u00bb items_font=\u00a0\u00bb||||||||\u00a0\u00bb items_text_color=\u00a0\u00bb#3F91EA\u00a0\u00bb home_icon_font_size=\u00a0\u00bb15px\u00a0\u00bb global_colors_info=\u00a0\u00bb{}\u00a0\u00bb][\/dsm_breadcrumbs][\/et_pb_column][\/et_pb_row][\/et_pb_section][et_pb_section fb_built=\u00a0\u00bb1&Prime; _builder_version=\u00a0\u00bb4.27.4&Prime; _module_preset=\u00a0\u00bbdefault\u00a0\u00bb global_colors_info=\u00a0\u00bb{}\u00a0\u00bb][et_pb_row _builder_version=\u00a0\u00bb4.27.4&Prime; _module_preset=\u00a0\u00bbdefault\u00a0\u00bb max_width=\u00a0\u00bb1250px\u00a0\u00bb animation_style=\u00a0\u00bbfade\u00a0\u00bb global_colors_info=\u00a0\u00bb{}\u00a0\u00bb][et_pb_column type=\u00a0\u00bb4_4&Prime; _builder_version=\u00a0\u00bb4.27.4&Prime; _module_preset=\u00a0\u00bbdefault\u00a0\u00bb global_colors_info=\u00a0\u00bb{}\u00a0\u00bb][et_pb_text _builder_version=\u00a0\u00bb4.27.4&Prime; _module_preset=\u00a0\u00bbdefault\u00a0\u00bb text_text_color=\u00a0\u00bb#000000&Prime; locked=\u00a0\u00bboff\u00a0\u00bb global_colors_info=\u00a0\u00bb{}\u00a0\u00bb]<\/p>\n<h2 style=\"text-align: center;\">Chez <strong>D-Risk FX<\/strong>, nous croyons que le risque de change ne devrait jamais \u00eatre un frein \u00e0 la performance d\u2019une entreprise \u2014 mais au contraire, un levier de d\u00e9cision \u00e9clair\u00e9e.<\/h2>\n<h4 style=\"text-align: center;\">\u00a0<\/h4>\n<p>[\/et_pb_text][\/et_pb_column][\/et_pb_row][et_pb_row column_structure=\u00a0\u00bb1_2,1_2&Prime; make_equal=\u00a0\u00bbon\u00a0\u00bb _builder_version=\u00a0\u00bb4.27.4&Prime; _module_preset=\u00a0\u00bbdefault\u00a0\u00bb max_width=\u00a0\u00bb1250px\u00a0\u00bb custom_css_main_element=\u00a0\u00bbalign-items:center;\u00a0\u00bb global_colors_info=\u00a0\u00bb{}\u00a0\u00bb][et_pb_column type=\u00a0\u00bb1_2&Prime; _builder_version=\u00a0\u00bb4.27.4&Prime; _module_preset=\u00a0\u00bbdefault\u00a0\u00bb animation_style=\u00a0\u00bbslide\u00a0\u00bb animation_direction=\u00a0\u00bbleft\u00a0\u00bb global_colors_info=\u00a0\u00bb{}\u00a0\u00bb][et_pb_image src=\u00a0\u00bbhttps:\/\/d-riskfx.com\/wp-content\/uploads\/2024\/12\/Hero-Banner-scaled.webp\u00a0\u00bb title_text=\u00a0\u00bbHero-Banner\u00a0\u00bb force_fullwidth=\u00a0\u00bbon\u00a0\u00bb _builder_version=\u00a0\u00bb4.27.4&Prime; _module_preset=\u00a0\u00bbdefault\u00a0\u00bb border_radii=\u00a0\u00bbon|15px|15px|15px|15px\u00a0\u00bb box_shadow_style=\u00a0\u00bbpreset1&Prime; box_shadow_color=\u00a0\u00bb#3F91EA\u00a0\u00bb global_colors_info=\u00a0\u00bb{}\u00a0\u00bb][\/et_pb_image][\/et_pb_column][et_pb_column type=\u00a0\u00bb1_2&Prime; _builder_version=\u00a0\u00bb4.27.4&Prime; _module_preset=\u00a0\u00bbdefault\u00a0\u00bb animation_style=\u00a0\u00bbslide\u00a0\u00bb animation_direction=\u00a0\u00bbright\u00a0\u00bb global_colors_info=\u00a0\u00bb{}\u00a0\u00bb][et_pb_text _builder_version=\u00a0\u00bb4.27.4&Prime; _module_preset=\u00a0\u00bbdefault\u00a0\u00bb custom_margin=\u00a0\u00bb||-1px|||\u00a0\u00bb custom_padding=\u00a0\u00bb||3px|||\u00a0\u00bb locked=\u00a0\u00bboff\u00a0\u00bb global_colors_info=\u00a0\u00bb{}\u00a0\u00bb]<\/p>\n<p>Pens\u00e9e pour les <strong>PME actives \u00e0 l\u2019international<\/strong>, notre plateforme SaaS rend la <strong>gestion du risque de change simple, accessible et structur\u00e9e<\/strong>. Elle vous permet de regrouper vos expositions, de les visualiser clairement et d\u2019en anticiper l\u2019impact sur vos marges et vos objectifs financiers.<\/p>\n<p>Parce qu\u2019une information claire m\u00e8ne \u00e0 de meilleures d\u00e9cisions, <strong>D-Risk FX<\/strong> vous aide \u00e0 :<\/p>\n<p>&nbsp;<\/p>\n<p>[\/et_pb_text][dsm_icon_list icon_color=\u00a0\u00bb#3F91EA\u00a0\u00bb icon_gap_width=\u00a0\u00bb1.5em\u00a0\u00bb list_space_between=\u00a0\u00bb10px\u00a0\u00bb _builder_version=\u00a0\u00bb4.27.4&Prime; _module_preset=\u00a0\u00bbdefault\u00a0\u00bb custom_margin=\u00a0\u00bb||5px|||\u00a0\u00bb locked=\u00a0\u00bboff\u00a0\u00bb global_colors_info=\u00a0\u00bb{}\u00a0\u00bb][dsm_icon_list_child text=\u00a0\u00bbCr\u00e9er une synth\u00e8se consolid\u00e9e de vos risques par ligne d\u2019affaires, devise ou march\u00e9\u00a0\u00bb font_icon=\u00a0\u00bb&#x5e;||divi||400&Prime; _builder_version=\u00a0\u00bb4.27.4&Prime; _module_preset=\u00a0\u00bbdefault\u00a0\u00bb global_colors_info=\u00a0\u00bb{}\u00a0\u00bb][\/dsm_icon_list_child][dsm_icon_list_child text=\u00a0\u00bbSimuler l\u2019impact du change sur vos r\u00e9sultats pr\u00e9visionnels par ligne d\u2019affaires ou march\u00e9\u00a0\u00bb font_icon=\u00a0\u00bb&#x5e;||divi||400&Prime; _builder_version=\u00a0\u00bb4.27.4&Prime; _module_preset=\u00a0\u00bbdefault\u00a0\u00bb global_colors_info=\u00a0\u00bb{}\u00a0\u00bb][\/dsm_icon_list_child][dsm_icon_list_child text=\u00a0\u00bbInt\u00e9grer le risque de change au c\u0153ur du cycle budg\u00e9taire\u00a0\u00bb font_icon=\u00a0\u00bb&#x5e;||divi||400&Prime; _builder_version=\u00a0\u00bb4.27.4&Prime; _module_preset=\u00a0\u00bbdefault\u00a0\u00bb global_colors_info=\u00a0\u00bb{}\u00a0\u00bb][\/dsm_icon_list_child][dsm_icon_list_child text=\u00a0\u00bbCommuniquer plus efficacement avec vos partenaires financiers\u00a0\u00bb font_icon=\u00a0\u00bb&#x5e;||divi||400&Prime; _builder_version=\u00a0\u00bb4.27.4&Prime; _module_preset=\u00a0\u00bbdefault\u00a0\u00bb global_colors_info=\u00a0\u00bb{}\u00a0\u00bb][\/dsm_icon_list_child][\/dsm_icon_list][et_pb_text _builder_version=\u00a0\u00bb4.27.4&Prime; _module_preset=\u00a0\u00bbdefault\u00a0\u00bb custom_margin=\u00a0\u00bb||-1px|||\u00a0\u00bb custom_padding=\u00a0\u00bb||3px|||\u00a0\u00bb locked=\u00a0\u00bboff\u00a0\u00bb global_colors_info=\u00a0\u00bb{}\u00a0\u00bb]<\/p>\n<p>&nbsp;<\/p>\n<p>Notre mission : <strong>vous offrir un outil pour transformer des donn\u00e9es complexes en d\u00e9cisions strat\u00e9giques<\/strong>, sans multiplier les fichiers Excel ni d\u00e9pendre d\u2019analyses ponctuelles.<\/p>\n<p><strong>D-Risk FX<\/strong>, c\u2019est la rencontre entre rigueur financi\u00e8re, vision strat\u00e9gique et simplicit\u00e9 d\u2019utilisation \u2014 au service des entreprises qui veulent reprendre le contr\u00f4le face \u00e0 la volatilit\u00e9.<\/p>\n<p>[\/et_pb_text][\/et_pb_column][\/et_pb_row][\/et_pb_section][et_pb_section fb_built=\u00a0\u00bb1&Prime; _builder_version=\u00a0\u00bb4.27.4&Prime; _module_preset=\u00a0\u00bbdefault\u00a0\u00bb custom_padding=\u00a0\u00bb||0px|||\u00a0\u00bb global_colors_info=\u00a0\u00bb{}\u00a0\u00bb][et_pb_row _builder_version=\u00a0\u00bb4.27.4&Prime; _module_preset=\u00a0\u00bbdefault\u00a0\u00bb max_width=\u00a0\u00bb1250px\u00a0\u00bb animation_style=\u00a0\u00bbfade\u00a0\u00bb global_colors_info=\u00a0\u00bb{}\u00a0\u00bb][et_pb_column type=\u00a0\u00bb4_4&Prime; _builder_version=\u00a0\u00bb4.27.4&Prime; _module_preset=\u00a0\u00bbdefault\u00a0\u00bb global_colors_info=\u00a0\u00bb{}\u00a0\u00bb][et_pb_text _builder_version=\u00a0\u00bb4.27.4&Prime; _module_preset=\u00a0\u00bbdefault\u00a0\u00bb text_text_color=\u00a0\u00bb#000000&Prime; locked=\u00a0\u00bboff\u00a0\u00bb global_colors_info=\u00a0\u00bb{}\u00a0\u00bb]<\/p>\n<h2 style=\"text-align: center;\">D\u00e9couvrez notre \u00e9quipe<\/h2>\n<h4 style=\"text-align: center;\"><span style=\"color: #000000;\">D-Risk FX a l\u2019expertise pour vous permettre de passer \u00e0 l\u2019action afin de prot\u00e9ger vos revenus d\u2019exportation et contr\u00f4ler vos d\u00e9penses d\u2019importation.<\/span><\/h4>\n<p>[\/et_pb_text][\/et_pb_column][\/et_pb_row][et_pb_row column_structure=\u00a0\u00bb1_3,1_3,1_3&Prime; use_custom_gutter=\u00a0\u00bbon\u00a0\u00bb gutter_width=\u00a0\u00bb2&Prime; make_equal=\u00a0\u00bbon\u00a0\u00bb _builder_version=\u00a0\u00bb4.27.5&Prime; _module_preset=\u00a0\u00bbdefault\u00a0\u00bb max_width=\u00a0\u00bb1250px\u00a0\u00bb global_colors_info=\u00a0\u00bb{}\u00a0\u00bb][et_pb_column type=\u00a0\u00bb1_3&Prime; _builder_version=\u00a0\u00bb4.27.4&Prime; _module_preset=\u00a0\u00bbdefault\u00a0\u00bb custom_padding=\u00a0\u00bb40px|40px|40px|40px|true|true\u00a0\u00bb animation_style=\u00a0\u00bbslide\u00a0\u00bb animation_direction=\u00a0\u00bbbottom\u00a0\u00bb border_radii=\u00a0\u00bbon|15px|15px|15px|15px\u00a0\u00bb box_shadow_style=\u00a0\u00bbpreset1&Prime; box_shadow_color=\u00a0\u00bb#3F91EA\u00a0\u00bb global_colors_info=\u00a0\u00bb{}\u00a0\u00bb][et_pb_image src=\u00a0\u00bbhttps:\/\/d-riskfx.com\/wp-content\/uploads\/2024\/12\/gilles_vigneau-2-1-scaled-e1730405778204-150&#215;150-1.webp\u00a0\u00bb title_text=\u00a0\u00bbgilles_vigneau-2-1-scaled-e1730405778204-150&#215;150&Prime; align=\u00a0\u00bbcenter\u00a0\u00bb _builder_version=\u00a0\u00bb4.27.4&Prime; _module_preset=\u00a0\u00bbdefault\u00a0\u00bb border_radii=\u00a0\u00bbon|50%|50%|50%|50%\u00a0\u00bb global_colors_info=\u00a0\u00bb{}\u00a0\u00bb][\/et_pb_image][et_pb_text _builder_version=\u00a0\u00bb4.27.4&Prime; _module_preset=\u00a0\u00bbdefault\u00a0\u00bb text_orientation=\u00a0\u00bbcenter\u00a0\u00bb global_colors_info=\u00a0\u00bb{}\u00a0\u00bb]<\/p>\n<h5><strong>Gilles Vigneau<\/strong><\/h5>\n<h6>MBA, ASC, C. Dir.<\/h6>\n<p>Gilles Vigneau a pass\u00e9 plus de vingt-cinq ans sur les march\u00e9s financiers, au sein des grandes banques canadiennes et internationales soit comme trader, expert-conseil ou gestionnaire. Il s\u2019est sp\u00e9cialis\u00e9 en financement, en investissement et en couverture de risque pour une client\u00e8le de gouvernements, de grandes soci\u00e9t\u00e9s et des fonds de pension. Il est d\u2019ailleurs un des pionniers des produits d\u00e9riv\u00e9s au Qu\u00e9bec. Il est aussi devenu administrateur de soci\u00e9t\u00e9s certifi\u00e9.<\/p>\n<p>[\/et_pb_text][\/et_pb_column][et_pb_column type=\u00a0\u00bb1_3&Prime; _builder_version=\u00a0\u00bb4.27.4&Prime; _module_preset=\u00a0\u00bbdefault\u00a0\u00bb custom_padding=\u00a0\u00bb40px|40px|40px|40px|true|true\u00a0\u00bb animation_style=\u00a0\u00bbslide\u00a0\u00bb animation_direction=\u00a0\u00bbbottom\u00a0\u00bb animation_delay=\u00a0\u00bb300ms\u00a0\u00bb border_radii=\u00a0\u00bbon|15px|15px|15px|15px\u00a0\u00bb box_shadow_style=\u00a0\u00bbpreset1&Prime; box_shadow_color=\u00a0\u00bb#3F91EA\u00a0\u00bb global_colors_info=\u00a0\u00bb{}\u00a0\u00bb][et_pb_image src=\u00a0\u00bbhttps:\/\/d-riskfx.com\/wp-content\/uploads\/2024\/12\/Marion-Fleche-753-150&#215;150-1.webp\u00a0\u00bb title_text=\u00a0\u00bbMarion-Fleche-753-150&#215;150&Prime; align=\u00a0\u00bbcenter\u00a0\u00bb _builder_version=\u00a0\u00bb4.27.5&Prime; _module_preset=\u00a0\u00bbdefault\u00a0\u00bb border_radii=\u00a0\u00bbon|50%|50%|50%|50%\u00a0\u00bb global_colors_info=\u00a0\u00bb{}\u00a0\u00bb][\/et_pb_image][et_pb_text _builder_version=\u00a0\u00bb4.27.4&Prime; _module_preset=\u00a0\u00bbdefault\u00a0\u00bb text_orientation=\u00a0\u00bbcenter\u00a0\u00bb global_colors_info=\u00a0\u00bb{}\u00a0\u00bb]<\/p>\n<h5><strong>Marion Fl\u00e9ch\u00e9<\/strong><\/h5>\n<h6>M.Sc., MA<\/h6>\n<p>Marion Fl\u00e9ch\u00e9 nourrit depuis longtemps un int\u00e9r\u00eat particulier pour le d\u00e9veloppement logiciel, les nouvelles technologies, l\u2019\u00e9conomie et la finance. Ses passions l\u2019ont amen\u00e9e \u00e0 compl\u00e9ter plusieurs Ma\u00eetrises universitaires dont une Ma\u00eetrise en \u00e9conomie des march\u00e9s et des entreprises et un dipl\u00f4me d\u2019ing\u00e9nieur en d\u00e9veloppement logiciel, en France, ainsi qu\u2019une Ma\u00eetrise en intelligence artificielle \u00e0 l\u2019Universit\u00e9 de Sherbrooke. En parall\u00e8le, Marion a d\u00e9velopp\u00e9 ses comp\u00e9tences lors de plusieurs exp\u00e9riences en consultation et d\u00e9veloppement logiciel.<\/p>\n<p>[\/et_pb_text][\/et_pb_column][et_pb_column type=\u00a0\u00bb1_3&Prime; _builder_version=\u00a0\u00bb4.27.4&Prime; _module_preset=\u00a0\u00bbdefault\u00a0\u00bb custom_padding=\u00a0\u00bb40px|40px|40px|40px|true|true\u00a0\u00bb animation_style=\u00a0\u00bbslide\u00a0\u00bb animation_direction=\u00a0\u00bbbottom\u00a0\u00bb animation_delay=\u00a0\u00bb150ms\u00a0\u00bb border_radii=\u00a0\u00bbon|15px|15px|15px|15px\u00a0\u00bb box_shadow_style=\u00a0\u00bbpreset1&Prime; box_shadow_color=\u00a0\u00bb#3F91EA\u00a0\u00bb global_colors_info=\u00a0\u00bb{}\u00a0\u00bb][et_pb_image src=\u00a0\u00bbhttps:\/\/d-riskfx.com\/wp-content\/uploads\/2026\/01\/1Chantal-1profile-photo_edited.webp\u00a0\u00bb title_text=\u00a0\u00bb1Chantal &#8211; 1profile photo_edited\u00a0\u00bb align=\u00a0\u00bbcenter\u00a0\u00bb _builder_version=\u00a0\u00bb4.27.5&Prime; _module_preset=\u00a0\u00bbdefault\u00a0\u00bb hover_enabled=\u00a0\u00bb0&Prime; border_radii=\u00a0\u00bbon|50%|50%|50%|50%\u00a0\u00bb global_colors_info=\u00a0\u00bb{}\u00a0\u00bb sticky_enabled=\u00a0\u00bb0&Prime; max_width=\u00a0\u00bb41%\u00a0\u00bb max_width_last_edited=\u00a0\u00bbon|phone\u00a0\u00bb max_width_tablet=\u00a0\u00bb28%\u00a0\u00bb max_width_phone=\u00a0\u00bb47%\u00a0\u00bb][\/et_pb_image][et_pb_text _builder_version=\u00a0\u00bb4.27.5&Prime; _module_preset=\u00a0\u00bbdefault\u00a0\u00bb text_orientation=\u00a0\u00bbcenter\u00a0\u00bb global_colors_info=\u00a0\u00bb{}\u00a0\u00bb]<\/p>\n<h5><strong>Chantal Patenaude<\/strong><\/h5>\n<h6>M.Sc.<\/h6>\n<p style=\"text-align: center;\"><span style=\"font-weight: 400;\">Chantal dirige le d\u00e9veloppement commercial chez D-Risk FX, assurant la croissance et le positionnement de l\u2019entreprise. Forte d\u2019une exp\u00e9rience en gestion de projets et d\u2019\u00e9quipe et d\u2019un parcours international, elle poss\u00e8de \u00e9galement une solide exp\u00e9rience en succ\u00e8s client et en \u00e9ducation. Elle apporte \u00e0 l\u2019\u00e9quipe un regard strat\u00e9gique et une expertise en communication, soutenue par une ma\u00eetrise en linguistique et le titre de traductrice.<\/span><\/p>\n<p>[\/et_pb_text][\/et_pb_column][\/et_pb_row][et_pb_row _builder_version=\u00a0\u00bb4.27.4&Prime; _module_preset=\u00a0\u00bbdefault\u00a0\u00bb max_width=\u00a0\u00bb1250px\u00a0\u00bb custom_padding=\u00a0\u00bb50px||50px||true|\u00a0\u00bb global_colors_info=\u00a0\u00bb{}\u00a0\u00bb][et_pb_column type=\u00a0\u00bb4_4&Prime; _builder_version=\u00a0\u00bb4.27.4&Prime; _module_preset=\u00a0\u00bbdefault\u00a0\u00bb global_colors_info=\u00a0\u00bb{}\u00a0\u00bb][et_pb_text _builder_version=\u00a0\u00bb4.27.4&Prime; _module_preset=\u00a0\u00bbdefault\u00a0\u00bb text_font=\u00a0\u00bb|300|on||||||\u00a0\u00bb text_font_size=\u00a0\u00bb24px\u00a0\u00bb text_orientation=\u00a0\u00bbcenter\u00a0\u00bb global_colors_info=\u00a0\u00bb{}\u00a0\u00bb]<\/p>\n<p>\u00ab\u00a0Une \u00e9quipe diversifi\u00e9e et exp\u00e9riment\u00e9e au service des PME\u00a0\u00bb<\/p>\n<p>[\/et_pb_text][\/et_pb_column][\/et_pb_row][\/et_pb_section]<\/p>\n","protected":false},"excerpt":{"rendered":"<p>\u00a0 \u00a0 \u00a0 \u00a0 \u00a0 \u00a0 \u00a0 \u00a0 \u00a0 \u00a0 \u00a0\u00a0 \u00a0D-Risk FX\u00a0 &nbsp;<div class=\"et_pb_module dsm_breadcrumbs dsm_breadcrumbs_0\">\n\t\t\t\t\n\t\t\t\t\n\t\t\t\t\n\t\t\t\t\n\t\t\t\t\n\t\t\t\t\n\t\t\t\t<div class=\"et_pb_module_inner\">\n\t\t\t\t\t<nav class=\"dsm_breadcrumbs_wrap\">\n\t\t\t\t<ul class=\"dsm_breadcrumbs\" itemscope itemtype=\"https:\/\/schema.org\/BreadcrumbList\">\t\t\t<li class=\"dsm_breadcrumbs_item dsm_home_item dsm_home_item_custom\" itemprop=\"itemListElement\" itemscope\n\t\t\titemtype=\"https:\/\/schema.org\/ListItem\">\n\t\t\t\t<a href=\"https:\/\/d-riskfx.com\/en\" itemprop=\"item\" target=\"\">\n\t\t\t\t\t<span class='dsm_home_text_wrapper'>\n\t\t\t\t\t\t\t\t\t\t\t\t\t<span class=\"et-pb-icon dsm_home_icon\">&#xe074;<\/span>\n\t\t\t\t\t\t\t\t\t\t\t\t\t<span class=\"dsm_home_text\" itemprop=\"name\">\n\t\t\t\t\t\t\t\tD-Risk FX\t\t\t\t\t\t\t<\/span>\n\t\t\t\t\t<\/span>\n\t\t\t\t<\/a>\n\t\t\t\t<meta itemprop=\"position\" content=\"1\" \/>\n\t\t\t<\/li>\n\n\t\t<li class=\"dsm_breadcrumbs_separator\"> <span class=\"et-pb-icon dsm_separator_icon\">&#x35;<\/span><\/li><\/ul>\n\t\t\t<\/nav>\n\t\t\t\t<\/div>\n\t\t\t<\/div>Chez D-Risk FX, nous croyons que le risque de change ne devrait jamais \u00eatre un frein \u00e0 la performance d\u2019une entreprise \u2014 mais au contraire, un levier de d\u00e9cision \u00e9clair\u00e9e. \u00a0Pens\u00e9e pour les PME actives \u00e0 l\u2019international, notre plateforme SaaS rend la gestion du risque de change simple, accessible et structur\u00e9e. Elle vous permet de regrouper vos expositions, de les visualiser clairement et d\u2019en anticiper l\u2019impact sur vos marges et vos objectifs financiers. Parce qu\u2019une information claire m\u00e8ne \u00e0 de meilleures d\u00e9cisions, D-Risk FX vous aide \u00e0 : &nbsp;<div class=\"et_pb_module dsm_icon_list dsm_icon_list_0\">\n\t\t\t\t\n\t\t\t\t\n\t\t\t\t\n\t\t\t\t\n\t\t\t\t\n\t\t\t\t\n\t\t\t\t<div class=\"et_pb_module_inner\">\n\t\t\t\t\t<ul class=\"dsm_icon_list_items dsm_icon_list_ltr_direction dsm_icon_list_layout_vertical\"><li class=\"dsm_icon_list_child dsm_icon_list_child_0\">\n\t\t\t\t\n\t\t\t\t\n\t\t\t\t\n\t\t\t\t\n\t\t\t\t<span class=\"dsm_icon_list_wrapper\"><span class=\"dsm_icon_list_icon\">^<\/span><\/span><span class=\"dsm_icon_list_text\">Cr\u00e9er une synth\u00e8se consolid\u00e9e de vos risques par ligne d\u2019affaires, devise ou march\u00e9<\/span>\n\t\t\t<\/li><li class=\"dsm_icon_list_child dsm_icon_list_child_1\">\n\t\t\t\t\n\t\t\t\t\n\t\t\t\t\n\t\t\t\t\n\t\t\t\t<span class=\"dsm_icon_list_wrapper\"><span class=\"dsm_icon_list_icon\">^<\/span><\/span><span class=\"dsm_icon_list_text\">Simuler l\u2019impact du change sur vos r\u00e9sultats pr\u00e9visionnels par ligne d\u2019affaires ou march\u00e9<\/span>\n\t\t\t<\/li><li class=\"dsm_icon_list_child dsm_icon_list_child_2\">\n\t\t\t\t\n\t\t\t\t\n\t\t\t\t\n\t\t\t\t\n\t\t\t\t<span class=\"dsm_icon_list_wrapper\"><span class=\"dsm_icon_list_icon\">^<\/span><\/span><span class=\"dsm_icon_list_text\">Int\u00e9grer le risque de change au c\u0153ur du cycle budg\u00e9taire<\/span>\n\t\t\t<\/li><li class=\"dsm_icon_list_child dsm_icon_list_child_3\">\n\t\t\t\t\n\t\t\t\t\n\t\t\t\t\n\t\t\t\t\n\t\t\t\t<span class=\"dsm_icon_list_wrapper\"><span class=\"dsm_icon_list_icon\">^<\/span><\/span><span class=\"dsm_icon_list_text\">Communiquer plus efficacement avec vos partenaires financiers<\/span>\n\t\t\t<\/li><\/ul>\n\t\t\t\t<\/div>\n\t\t\t<\/div>&nbsp; Notre mission : vous offrir un outil pour transformer des donn\u00e9es complexes en d\u00e9cisions strat\u00e9giques, sans multiplier les fichiers Excel ni [&hellip;]<\/p>\n","protected":false},"author":1,"featured_media":0,"parent":0,"menu_order":0,"comment_status":"closed","ping_status":"closed","template":"","meta":{"_et_pb_use_builder":"on","_et_pb_old_content":"","_et_gb_content_width":"","footnotes":""},"class_list":["post-219","page","type-page","status-publish","hentry"],"_links":{"self":[{"href":"https:\/\/d-riskfx.com\/en\/wp-json\/wp\/v2\/pages\/219","targetHints":{"allow":["GET"]}}],"collection":[{"href":"https:\/\/d-riskfx.com\/en\/wp-json\/wp\/v2\/pages"}],"about":[{"href":"https:\/\/d-riskfx.com\/en\/wp-json\/wp\/v2\/types\/page"}],"author":[{"embeddable":true,"href":"https:\/\/d-riskfx.com\/en\/wp-json\/wp\/v2\/users\/1"}],"replies":[{"embeddable":true,"href":"https:\/\/d-riskfx.com\/en\/wp-json\/wp\/v2\/comments?post=219"}],"version-history":[{"count":40,"href":"https:\/\/d-riskfx.com\/en\/wp-json\/wp\/v2\/pages\/219\/revisions"}],"predecessor-version":[{"id":2517,"href":"https:\/\/d-riskfx.com\/en\/wp-json\/wp\/v2\/pages\/219\/revisions\/2517"}],"wp:attachment":[{"href":"https:\/\/d-riskfx.com\/en\/wp-json\/wp\/v2\/media?parent=219"}],"curies":[{"name":"wp","href":"https:\/\/api.w.org\/{rel}","templated":true}]}}